{"id":53,"date":"2008-10-08T19:20:59","date_gmt":"2008-10-08T17:20:59","guid":{"rendered":"http:\/\/www.koksteam.se\/wp\/?page_id=53"},"modified":"2023-08-07T22:20:54","modified_gmt":"2023-08-07T20:20:54","slug":"koksmiljoer","status":"publish","type":"page","link":"https:\/\/www.koksteam.se\/index.php\/sortiment\/koksmiljoer\/","title":{"rendered":"K\u00f6ksmilj\u00f6er"},"content":{"rendered":"<p><span style=\"text-decoration: underline;\"><strong>Se milj\u00f6bilder p\u00e5 monterade k\u00f6k runt om i landet <a href=\"https:\/\/www.novaflex.se\/koksinspiration\/\" title=\"K\u00f6ksmilj\u00f6er\">h\u00e4r<\/a><\/strong><\/span><\/p>\n","protected":false},"excerpt":{"rendered":"<p>Se milj\u00f6bilder p\u00e5 monterade k\u00f6k runt om i landet h\u00e4r<\/p>\n","protected":false},"author":1,"featured_media":0,"parent":42,"menu_order":6,"comment_status":"closed","ping_status":"open","template":"","meta":{"om_disable_all_campaigns":false,"_monsterinsights_skip_tracking":false,"_monsterinsights_sitenote_active":false,"_monsterinsights_sitenote_note":"","_monsterinsights_sitenote_category":0,"footnotes":""},"class_list":["post-53","page","type-page","status-publish","hentry"],"aioseo_notices":[],"_links":{"self":[{"href":"https:\/\/www.koksteam.se\/index.php\/wp-json\/wp\/v2\/pages\/53","targetHints":{"allow":["GET"]}}],"collection":[{"href":"https:\/\/www.koksteam.se\/index.php\/wp-json\/wp\/v2\/pages"}],"about":[{"href":"https:\/\/www.koksteam.se\/index.php\/wp-json\/wp\/v2\/types\/page"}],"author":[{"embeddable":true,"href":"https:\/\/www.koksteam.se\/index.php\/wp-json\/wp\/v2\/users\/1"}],"replies":[{"embeddable":true,"href":"https:\/\/www.koksteam.se\/index.php\/wp-json\/wp\/v2\/comments?post=53"}],"version-history":[{"count":7,"href":"https:\/\/www.koksteam.se\/index.php\/wp-json\/wp\/v2\/pages\/53\/revisions"}],"predecessor-version":[{"id":285,"href":"https:\/\/www.koksteam.se\/index.php\/wp-json\/wp\/v2\/pages\/53\/revisions\/285"}],"up":[{"embeddable":true,"href":"https:\/\/www.koksteam.se\/index.php\/wp-json\/wp\/v2\/pages\/42"}],"wp:attachment":[{"href":"https:\/\/www.koksteam.se\/index.php\/wp-json\/wp\/v2\/media?parent=53"}],"curies":[{"name":"wp","href":"https:\/\/api.w.org\/{rel}","templated":true}]}}