{"id":51,"date":"2008-10-08T19:18:02","date_gmt":"2008-10-08T17:18:02","guid":{"rendered":"http:\/\/www.koksteam.se\/wp\/?page_id=51"},"modified":"2023-08-07T22:13:47","modified_gmt":"2023-08-07T20:13:47","slug":"traluckor","status":"publish","type":"page","link":"https:\/\/www.koksteam.se\/index.php\/sortiment\/traluckor\/","title":{"rendered":"Tr\u00e4luckor"},"content":{"rendered":"<p>Tr\u00e4luckor &#8211; massivt tr\u00e4, massivt 3-skiktslimmat tr\u00e4 eller med fan\u00e9r<\/p>\n<p><span style=\"text-decoration: underline;\"><strong>Se en del ur v\u00e5rt sortiment <a href=\"https:\/\/www.novaflex.se\/koksluckor\/massivt-tra\/\" title=\"Tr\u00e4luckor\">h\u00e4r<\/a> och <a href=\"https:\/\/www.novaflex.se\/koksluckor\/fanerade\/\" title=\"Fanerade\">h\u00e4r<\/a><\/strong><\/span><\/p>\n","protected":false},"excerpt":{"rendered":"<p>Tr\u00e4luckor &#8211; massivt tr\u00e4, massivt 3-skiktslimmat tr\u00e4 eller med fan\u00e9r Se en del ur v\u00e5rt sortiment h\u00e4r och h\u00e4r<\/p>\n","protected":false},"author":1,"featured_media":0,"parent":42,"menu_order":4,"comment_status":"closed","ping_status":"open","template":"","meta":{"om_disable_all_campaigns":false,"_monsterinsights_skip_tracking":false,"_monsterinsights_sitenote_active":false,"_monsterinsights_sitenote_note":"","_monsterinsights_sitenote_category":0,"footnotes":""},"class_list":["post-51","page","type-page","status-publish","hentry"],"aioseo_notices":[],"_links":{"self":[{"href":"https:\/\/www.koksteam.se\/index.php\/wp-json\/wp\/v2\/pages\/51","targetHints":{"allow":["GET"]}}],"collection":[{"href":"https:\/\/www.koksteam.se\/index.php\/wp-json\/wp\/v2\/pages"}],"about":[{"href":"https:\/\/www.koksteam.se\/index.php\/wp-json\/wp\/v2\/types\/page"}],"author":[{"embeddable":true,"href":"https:\/\/www.koksteam.se\/index.php\/wp-json\/wp\/v2\/users\/1"}],"replies":[{"embeddable":true,"href":"https:\/\/www.koksteam.se\/index.php\/wp-json\/wp\/v2\/comments?post=51"}],"version-history":[{"count":8,"href":"https:\/\/www.koksteam.se\/index.php\/wp-json\/wp\/v2\/pages\/51\/revisions"}],"predecessor-version":[{"id":284,"href":"https:\/\/www.koksteam.se\/index.php\/wp-json\/wp\/v2\/pages\/51\/revisions\/284"}],"up":[{"embeddable":true,"href":"https:\/\/www.koksteam.se\/index.php\/wp-json\/wp\/v2\/pages\/42"}],"wp:attachment":[{"href":"https:\/\/www.koksteam.se\/index.php\/wp-json\/wp\/v2\/media?parent=51"}],"curies":[{"name":"wp","href":"https:\/\/api.w.org\/{rel}","templated":true}]}}