{"id":46,"date":"2008-10-08T19:11:17","date_gmt":"2008-10-08T17:11:17","guid":{"rendered":"http:\/\/www.koksteam.se\/wp\/?page_id=46"},"modified":"2023-08-08T12:48:00","modified_gmt":"2023-08-08T10:48:00","slug":"melaminluckor","status":"publish","type":"page","link":"https:\/\/www.koksteam.se\/index.php\/sortiment\/melaminluckor\/","title":{"rendered":"Melaminluckor"},"content":{"rendered":"<p>Melaminluckor &#8211; en prisv\u00e4rd lucka i ny tappning med en 2 mm kantlist. Luckorna \u00e4r slitstarka och l\u00e4ttsk\u00f6tta.<\/p>\n<p><span style=\"text-decoration: underline;\"><strong>En del ur v\u00e5rt sortiment finns <a href=\"https:\/\/www.novaflex.se\/koksluckor\/melamin\/\" title=\"Melaminluckor\">h\u00e4r<\/a><\/strong><\/span><\/p>\n","protected":false},"excerpt":{"rendered":"<p>Melaminluckor &#8211; en prisv\u00e4rd lucka i ny tappning med en 2 mm kantlist. Luckorna \u00e4r slitstarka och l\u00e4ttsk\u00f6tta. En del ur v\u00e5rt sortiment finns h\u00e4r<\/p>\n","protected":false},"author":1,"featured_media":0,"parent":42,"menu_order":2,"comment_status":"closed","ping_status":"open","template":"","meta":{"om_disable_all_campaigns":false,"_monsterinsights_skip_tracking":false,"_monsterinsights_sitenote_active":false,"_monsterinsights_sitenote_note":"","_monsterinsights_sitenote_category":0,"footnotes":""},"class_list":["post-46","page","type-page","status-publish","hentry"],"aioseo_notices":[],"_links":{"self":[{"href":"https:\/\/www.koksteam.se\/index.php\/wp-json\/wp\/v2\/pages\/46","targetHints":{"allow":["GET"]}}],"collection":[{"href":"https:\/\/www.koksteam.se\/index.php\/wp-json\/wp\/v2\/pages"}],"about":[{"href":"https:\/\/www.koksteam.se\/index.php\/wp-json\/wp\/v2\/types\/page"}],"author":[{"embeddable":true,"href":"https:\/\/www.koksteam.se\/index.php\/wp-json\/wp\/v2\/users\/1"}],"replies":[{"embeddable":true,"href":"https:\/\/www.koksteam.se\/index.php\/wp-json\/wp\/v2\/comments?post=46"}],"version-history":[{"count":9,"href":"https:\/\/www.koksteam.se\/index.php\/wp-json\/wp\/v2\/pages\/46\/revisions"}],"predecessor-version":[{"id":281,"href":"https:\/\/www.koksteam.se\/index.php\/wp-json\/wp\/v2\/pages\/46\/revisions\/281"}],"up":[{"embeddable":true,"href":"https:\/\/www.koksteam.se\/index.php\/wp-json\/wp\/v2\/pages\/42"}],"wp:attachment":[{"href":"https:\/\/www.koksteam.se\/index.php\/wp-json\/wp\/v2\/media?parent=46"}],"curies":[{"name":"wp","href":"https:\/\/api.w.org\/{rel}","templated":true}]}}