{"id":42,"date":"2008-10-08T00:31:07","date_gmt":"2008-10-07T22:31:07","guid":{"rendered":"http:\/\/www.koksteam.se\/wp\/?page_id=42"},"modified":"2026-05-07T16:11:53","modified_gmt":"2026-05-07T14:11:53","slug":"sortiment","status":"publish","type":"page","link":"https:\/\/www.koksteam.se\/index.php\/sortiment\/","title":{"rendered":"Sortiment"},"content":{"rendered":"<ul>\n<li><a href=\"http:\/\/www.koksteam.se\/index.php\/sortiment\/melaminluckor\/\" target=\"_self\">Melamin<\/a> &#8211; ett slitstarkt och l\u00e4ttsk\u00f6tt material med en 2 mm kantlist.<\/li>\n<li><a href=\"http:\/\/www.koksteam.se\/index.php\/sortiment\/traluckor\/\">Tr\u00e4luckor<\/a> &#8211; massivt tr\u00e4 eller med fan\u00e9r. H\u00f6g kvalit\u00e9 och finish.<\/li>\n<li><a href=\"http:\/\/www.koksteam.se\/index.php\/sortiment\/lackerade-luckor\/\">Lackerade luckor<\/a> &#8211; sp\u00e5rfr\u00e4sta luckor lackerade i en m\u00e4ngd f\u00e4rger, modeller, tjocklekar och kantprofiler<\/li>\n<\/ul>\n<p>F\u00f6rutom alla olika modeller av luckor finns bla. f\u00f6ljande tillbeh\u00f6r:\u00a0\u00a0\u00a0\u00a0\u00a0\u00a0\u00a0\u00a0\u00a0 <a href=\"https:\/\/www.koksteam.se\/wp-content\/uploads\/2026\/05\/Designbycilla_kok_9x16-2-scaled.jpg\"><img decoding=\"async\" class=\"alignright wp-image-366 size-medium\" title=\"kokso\" src=\"https:\/\/www.koksteam.se\/wp-content\/uploads\/2026\/05\/Designbycilla_kok_9x16-2-169x300.jpg\" alt=\"\" width=\"169\" height=\"300\" srcset=\"https:\/\/www.koksteam.se\/wp-content\/uploads\/2026\/05\/Designbycilla_kok_9x16-2-169x300.jpg 169w, https:\/\/www.koksteam.se\/wp-content\/uploads\/2026\/05\/Designbycilla_kok_9x16-2-576x1024.jpg 576w, https:\/\/www.koksteam.se\/wp-content\/uploads\/2026\/05\/Designbycilla_kok_9x16-2-768x1365.jpg 768w, https:\/\/www.koksteam.se\/wp-content\/uploads\/2026\/05\/Designbycilla_kok_9x16-2-864x1536.jpg 864w, https:\/\/www.koksteam.se\/wp-content\/uploads\/2026\/05\/Designbycilla_kok_9x16-2-1152x2048.jpg 1152w, https:\/\/www.koksteam.se\/wp-content\/uploads\/2026\/05\/Designbycilla_kok_9x16-2-scaled.jpg 1440w\" sizes=\"(max-width: 169px) 100vw, 169px\" \/><\/a><\/p>\n<ul>\n<li>Ljusrampslister<\/li>\n<li>Kr\u00f6nlister<\/li>\n<li>Socklar<\/li>\n<li>Kakellister<\/li>\n<li>Passbitar<\/li>\n<li>Kokbokshyllor<\/li>\n<li><a href=\"http:\/\/www.koksteam.se\/wp-content\/myfotos\/tillbehor\/Vinhylla.jpg\" target=\"_blank\" rel=\"noopener\">Vinhyllor<\/a><\/li>\n<li>Kryddhyllor<\/li>\n<li>Avslutningshyllor<\/li>\n<li>Sk\u00e5p<\/li>\n<li><a href=\"http:\/\/www.koksteam.se\/index.php\/sortiment\/beslaghandtag\/\" target=\"_self\">Beslag\/Handtag<\/a><\/li>\n<li>M\u00e5tt-tillverkade <a href=\"http:\/\/www.blum.com\/se\/sv\/01\/30\/30\/index.php\" target=\"_blank\" rel=\"noopener\">l\u00e5dor\/grytl\u00e5dor<\/a> p\u00e5 rullager (passar alla sk\u00e5p)<\/li>\n<li><a href=\"http:\/\/www.dfi-geisler.com\/index.php?lang=SE\" target=\"_blank\" rel=\"noopener\">B\u00e4nkskivor, underlimmade diskhoar<\/a><\/li>\n<li><a href=\"http:\/\/www.moraarmatur.se\/\" target=\"_blank\" rel=\"noopener\">Blandare<\/a><\/li>\n<\/ul>\n","protected":false},"excerpt":{"rendered":"<p>Melamin &#8211; ett slitstarkt och l\u00e4ttsk\u00f6tt material med en 2 mm kantlist. Tr\u00e4luckor &#8211; massivt tr\u00e4 eller med fan\u00e9r. H\u00f6g kvalit\u00e9 och finish. Lackerade luckor &#8211; sp\u00e5rfr\u00e4sta luckor lackerade i en m\u00e4ngd f\u00e4rger, modeller, tjocklekar och kantprofiler F\u00f6rutom alla olika &hellip; <a href=\"https:\/\/www.koksteam.se\/index.php\/sortiment\/\">Forts\u00e4tt l\u00e4sa <span class=\"meta-nav\">&rarr;<\/span><\/a><\/p>\n","protected":false},"author":1,"featured_media":0,"parent":0,"menu_order":5,"comment_status":"closed","ping_status":"open","template":"","meta":{"om_disable_all_campaigns":false,"_monsterinsights_skip_tracking":false,"_monsterinsights_sitenote_active":false,"_monsterinsights_sitenote_note":"","_monsterinsights_sitenote_category":0,"footnotes":""},"class_list":["post-42","page","type-page","status-publish","hentry"],"aioseo_notices":[],"_links":{"self":[{"href":"https:\/\/www.koksteam.se\/index.php\/wp-json\/wp\/v2\/pages\/42","targetHints":{"allow":["GET"]}}],"collection":[{"href":"https:\/\/www.koksteam.se\/index.php\/wp-json\/wp\/v2\/pages"}],"about":[{"href":"https:\/\/www.koksteam.se\/index.php\/wp-json\/wp\/v2\/types\/page"}],"author":[{"embeddable":true,"href":"https:\/\/www.koksteam.se\/index.php\/wp-json\/wp\/v2\/users\/1"}],"replies":[{"embeddable":true,"href":"https:\/\/www.koksteam.se\/index.php\/wp-json\/wp\/v2\/comments?post=42"}],"version-history":[{"count":14,"href":"https:\/\/www.koksteam.se\/index.php\/wp-json\/wp\/v2\/pages\/42\/revisions"}],"predecessor-version":[{"id":381,"href":"https:\/\/www.koksteam.se\/index.php\/wp-json\/wp\/v2\/pages\/42\/revisions\/381"}],"wp:attachment":[{"href":"https:\/\/www.koksteam.se\/index.php\/wp-json\/wp\/v2\/media?parent=42"}],"curies":[{"name":"wp","href":"https:\/\/api.w.org\/{rel}","templated":true}]}}