{"id":384,"date":"2026-05-12T12:35:23","date_gmt":"2026-05-12T10:35:23","guid":{"rendered":"https:\/\/www.koksteam.se\/?page_id=384"},"modified":"2026-05-12T12:35:23","modified_gmt":"2026-05-12T10:35:23","slug":"hitta-till-oss","status":"publish","type":"page","link":"https:\/\/www.koksteam.se\/index.php\/hitta-till-oss\/","title":{"rendered":"Hitta till oss"},"content":{"rendered":"<p>K\u00f6r in p\u00e5 Bost\u00e4llsv\u00e4gen fr\u00e5n Radiatorv\u00e4gen och sedan f\u00f6rsta infarten till h\u00f6ger.<\/p>\n<p>Sedan \u00e4r det rakt fram f\u00f6rbi parkeringen s\u00e5 ser Ni v\u00e5r skylt d\u00e4r utst\u00e4llningen finns.<\/p>\n<p><a href=\"https:\/\/www.koksteam.se\/wp-content\/uploads\/2026\/05\/karta_koksteam_2026-1.jpg\"><img decoding=\"async\" class=\"alignright wp-image-386 size-full\" src=\"https:\/\/www.koksteam.se\/wp-content\/uploads\/2026\/05\/karta_koksteam_2026-1.jpg\" alt=\"\" width=\"815\" height=\"587\" srcset=\"https:\/\/www.koksteam.se\/wp-content\/uploads\/2026\/05\/karta_koksteam_2026-1.jpg 815w, https:\/\/www.koksteam.se\/wp-content\/uploads\/2026\/05\/karta_koksteam_2026-1-300x216.jpg 300w, https:\/\/www.koksteam.se\/wp-content\/uploads\/2026\/05\/karta_koksteam_2026-1-768x553.jpg 768w, https:\/\/www.koksteam.se\/wp-content\/uploads\/2026\/05\/karta_koksteam_2026-1-20x14.jpg 20w\" sizes=\"(max-width: 815px) 100vw, 815px\" \/><\/a><\/p>\n<p>&nbsp;<\/p>\n","protected":false},"excerpt":{"rendered":"<p>K\u00f6r in p\u00e5 Bost\u00e4llsv\u00e4gen fr\u00e5n Radiatorv\u00e4gen och sedan f\u00f6rsta infarten till h\u00f6ger. Sedan \u00e4r det rakt fram f\u00f6rbi parkeringen s\u00e5 ser Ni v\u00e5r skylt d\u00e4r utst\u00e4llningen finns. &nbsp;<\/p>\n","protected":false},"author":1,"featured_media":0,"parent":0,"menu_order":0,"comment_status":"closed","ping_status":"closed","template":"","meta":{"om_disable_all_campaigns":false,"_monsterinsights_skip_tracking":false,"_monsterinsights_sitenote_active":false,"_monsterinsights_sitenote_note":"","_monsterinsights_sitenote_category":0,"footnotes":""},"class_list":["post-384","page","type-page","status-publish","hentry"],"aioseo_notices":[],"_links":{"self":[{"href":"https:\/\/www.koksteam.se\/index.php\/wp-json\/wp\/v2\/pages\/384","targetHints":{"allow":["GET"]}}],"collection":[{"href":"https:\/\/www.koksteam.se\/index.php\/wp-json\/wp\/v2\/pages"}],"about":[{"href":"https:\/\/www.koksteam.se\/index.php\/wp-json\/wp\/v2\/types\/page"}],"author":[{"embeddable":true,"href":"https:\/\/www.koksteam.se\/index.php\/wp-json\/wp\/v2\/users\/1"}],"replies":[{"embeddable":true,"href":"https:\/\/www.koksteam.se\/index.php\/wp-json\/wp\/v2\/comments?post=384"}],"version-history":[{"count":1,"href":"https:\/\/www.koksteam.se\/index.php\/wp-json\/wp\/v2\/pages\/384\/revisions"}],"predecessor-version":[{"id":387,"href":"https:\/\/www.koksteam.se\/index.php\/wp-json\/wp\/v2\/pages\/384\/revisions\/387"}],"wp:attachment":[{"href":"https:\/\/www.koksteam.se\/index.php\/wp-json\/wp\/v2\/media?parent=384"}],"curies":[{"name":"wp","href":"https:\/\/api.w.org\/{rel}","templated":true}]}}