{"id":236,"date":"2019-03-15T11:05:05","date_gmt":"2019-03-15T09:05:05","guid":{"rendered":"https:\/\/www.koksteam.se\/?page_id=236"},"modified":"2026-01-12T11:00:32","modified_gmt":"2026-01-12T09:00:32","slug":"katalog","status":"publish","type":"page","link":"https:\/\/www.koksteam.se\/index.php\/katalog\/","title":{"rendered":"Katalog"},"content":{"rendered":"<p>H\u00e4r hittar du v\u00e5ra kataloger. V\u00e4lj mellan att l\u00e4sa dem direkt i webbl\u00e4saren via din dator, surfplatta eller mobil.<\/p>\n<div id=\"attachment_235\" style=\"width: 160px\" class=\"wp-caption alignleft\"><a href=\"https:\/\/drive.google.com\/file\/d\/12fdRLwhbfUydnIajVfIzh2RqTr0qrxHC\/view?usp=sharing\" target=\"_blank\" rel=\"noopener\"><img decoding=\"async\" aria-describedby=\"caption-attachment-235\" class=\"wp-image-235 size-thumbnail\" src=\"https:\/\/www.koksteam.se\/wp-content\/uploads\/2024\/07\/Hamburgo_0186.png\" alt=\"\" width=\"150\" height=\"150\" \/><\/a><p id=\"caption-attachment-235\" class=\"wp-caption-text\">K\u00d6KSKATALOG <a href=\"https:\/\/drive.google.com\/file\/d\/12fdRLwhbfUydnIajVfIzh2RqTr0qrxHC\/view?usp=sharing\">Bl\u00e4ddra\/Ladda ned<\/a><\/p><\/div>\n<div id=\"attachment_234\" style=\"width: 160px\" class=\"wp-caption alignleft\"><a href=\"https:\/\/drive.google.com\/file\/d\/16XkTQtgXG3DGM9mgV5knB0YTWqeEKldt\/view?usp=sharing\" target=\"_blank\" rel=\"noopener\"><img decoding=\"async\" aria-describedby=\"caption-attachment-234\" class=\"wp-image-234 size-thumbnail\" src=\"https:\/\/www.koksteam.se\/wp-content\/uploads\/2019\/03\/Novaflex-utbytesluckor-150x150.jpg\" alt=\"\" width=\"150\" height=\"150\" srcset=\"https:\/\/www.koksteam.se\/wp-content\/uploads\/2019\/03\/Novaflex-utbytesluckor-150x150.jpg 150w, https:\/\/www.koksteam.se\/wp-content\/uploads\/2019\/03\/Novaflex-utbytesluckor-144x144.jpg 144w, https:\/\/www.koksteam.se\/wp-content\/uploads\/2019\/03\/Novaflex-utbytesluckor-200x198.jpg 200w\" sizes=\"(max-width: 150px) 100vw, 150px\" \/><\/a><p id=\"caption-attachment-234\" class=\"wp-caption-text\">UTBYTESLUCKOR <a href=\"https:\/\/drive.google.com\/file\/d\/16XkTQtgXG3DGM9mgV5knB0YTWqeEKldt\/view?usp=sharing\">Bl\u00e4ddra\/Ladda ned<\/a><\/p><\/div>\n<div id=\"attachment_233\" style=\"width: 160px\" class=\"wp-caption alignleft\"><a href=\"https:\/\/drive.google.com\/open?id=1xXwZIT_nIDn5K0nZrBkiQTKc35yixw4A\" target=\"_blank\" rel=\"noopener\"><img decoding=\"async\" aria-describedby=\"caption-attachment-233\" class=\"wp-image-233 size-thumbnail\" src=\"https:\/\/www.koksteam.se\/wp-content\/uploads\/2019\/03\/Novaflex-k\u00f6ksplanerere-150x150.jpg\" alt=\"\" width=\"150\" height=\"150\" srcset=\"https:\/\/www.koksteam.se\/wp-content\/uploads\/2019\/03\/Novaflex-k\u00f6ksplanerere-150x150.jpg 150w, https:\/\/www.koksteam.se\/wp-content\/uploads\/2019\/03\/Novaflex-k\u00f6ksplanerere-144x144.jpg 144w, https:\/\/www.koksteam.se\/wp-content\/uploads\/2019\/03\/Novaflex-k\u00f6ksplanerere-200x198.jpg 200w\" sizes=\"(max-width: 150px) 100vw, 150px\" \/><\/a><p id=\"caption-attachment-233\" class=\"wp-caption-text\">K\u00d6KSPLANERARE <a href=\"https:\/\/drive.google.com\/open?id=1xXwZIT_nIDn5K0nZrBkiQTKc35yixw4A\">Bl\u00e4ddra\/Ladda ned<\/a><\/p><\/div>\n<p>&nbsp;<\/p>\n<p>&nbsp;<\/p>\n<p>&nbsp;<\/p>\n<p>&nbsp;<\/p>\n<p>&nbsp;<\/p>\n<p>&nbsp;<\/p>\n<p>&nbsp;<\/p>\n<p>KONTAKTFORMUL\u00c4R<\/p>\n<div class=\"wpforms-container wpforms-container-full\" id=\"wpforms-244\"><form id=\"wpforms-form-244\" class=\"wpforms-validate wpforms-form\" data-formid=\"244\" method=\"post\" enctype=\"multipart\/form-data\" action=\"\/index.php\/wp-json\/wp\/v2\/pages\/236\" data-token=\"835a710bf76499845874329d3dc37c3d\" data-token-time=\"1776570081\"><noscript class=\"wpforms-error-noscript\">Aktivera JavaScript i din webbl\u00e4sare f\u00f6r att fylla i formul\u00e4ret.<\/noscript><div class=\"wpforms-field-container\"><div id=\"wpforms-244-field_0-container\" class=\"wpforms-field wpforms-field-name\" data-field-id=\"0\"><label class=\"wpforms-field-label\" for=\"wpforms-244-field_0\">Namn <span class=\"wpforms-required-label\">*<\/span><\/label><input type=\"text\" id=\"wpforms-244-field_0\" class=\"wpforms-field-medium wpforms-field-required\" name=\"wpforms[fields][0]\" required><\/div><div id=\"wpforms-244-field_5-container\" class=\"wpforms-field wpforms-field-text\" data-field-id=\"5\"><label class=\"wpforms-field-label\" for=\"wpforms-244-field_5\">Adress <span class=\"wpforms-required-label\">*<\/span><\/label><input type=\"text\" id=\"wpforms-244-field_5\" class=\"wpforms-field-medium wpforms-field-required\" name=\"wpforms[fields][5]\" required><\/div><div id=\"wpforms-244-field_6-container\" class=\"wpforms-field wpforms-field-text\" data-field-id=\"6\"><label class=\"wpforms-field-label\" for=\"wpforms-244-field_6\">Postnr <span class=\"wpforms-required-label\">*<\/span><\/label><input type=\"text\" id=\"wpforms-244-field_6\" class=\"wpforms-field-medium wpforms-field-required\" name=\"wpforms[fields][6]\" required><\/div><div id=\"wpforms-244-field_7-container\" class=\"wpforms-field wpforms-field-text\" data-field-id=\"7\"><label class=\"wpforms-field-label\" for=\"wpforms-244-field_7\">Ort <span class=\"wpforms-required-label\">*<\/span><\/label><input type=\"text\" id=\"wpforms-244-field_7\" class=\"wpforms-field-medium wpforms-field-required\" name=\"wpforms[fields][7]\" required><\/div><div id=\"wpforms-244-field_8-container\" class=\"wpforms-field wpforms-field-text\" data-field-id=\"8\"><label class=\"wpforms-field-label\" for=\"wpforms-244-field_8\">Telefon<\/label><input type=\"text\" id=\"wpforms-244-field_8\" class=\"wpforms-field-medium\" name=\"wpforms[fields][8]\" ><\/div><div id=\"wpforms-244-field_1-container\" class=\"wpforms-field wpforms-field-email\" data-field-id=\"1\"><label class=\"wpforms-field-label\" for=\"wpforms-244-field_1\">Epostadress (Ange alltid om Du vill f\u00e5 svar till Din epost)<\/label><input type=\"email\" id=\"wpforms-244-field_1\" class=\"wpforms-field-medium\" name=\"wpforms[fields][1]\" spellcheck=\"false\" ><\/div><div id=\"wpforms-244-field_9-container\" class=\"wpforms-field wpforms-field-text\" data-field-id=\"9\"><label class=\"wpforms-field-label\" for=\"wpforms-244-field_9\">\u00c4mne <span class=\"wpforms-required-label\">*<\/span><\/label><input type=\"text\" id=\"wpforms-244-field_9\" class=\"wpforms-field-medium wpforms-field-required\" name=\"wpforms[fields][9]\" required><\/div><div id=\"wpforms-244-field_2-container\" class=\"wpforms-field wpforms-field-textarea\" data-field-id=\"2\"><label class=\"wpforms-field-label\" for=\"wpforms-244-field_2\">Ditt meddelande<\/label><textarea id=\"wpforms-244-field_2\" class=\"wpforms-field-medium\" name=\"wpforms[fields][2]\" ><\/textarea><\/div><\/div><!-- .wpforms-field-container --><div class=\"wpforms-submit-container\" ><input type=\"hidden\" name=\"wpforms[id]\" value=\"244\"><input type=\"hidden\" name=\"page_title\" value=\"\"><input type=\"hidden\" name=\"page_url\" value=\"https:\/\/www.koksteam.se\/index.php\/wp-json\/wp\/v2\/pages\/236\"><input type=\"hidden\" name=\"url_referer\" value=\"\"><button type=\"submit\" name=\"wpforms[submit]\" id=\"wpforms-submit-244\" class=\"wpforms-submit\" data-alt-text=\"Skickar...\" data-submit-text=\"Skicka\" aria-live=\"assertive\" value=\"wpforms-submit\">Skicka<\/button><\/div><\/form><\/div>  <!-- .wpforms-container -->\n","protected":false},"excerpt":{"rendered":"<p>H\u00e4r hittar du v\u00e5ra kataloger. V\u00e4lj mellan att l\u00e4sa dem direkt i webbl\u00e4saren via din dator, surfplatta eller mobil. &nbsp; &nbsp; &nbsp; &nbsp; &nbsp; &nbsp; &nbsp; KONTAKTFORMUL\u00c4R<\/p>\n","protected":false},"author":1,"featured_media":0,"parent":0,"menu_order":4,"comment_status":"closed","ping_status":"closed","template":"","meta":{"om_disable_all_campaigns":false,"_monsterinsights_skip_tracking":false,"_monsterinsights_sitenote_active":false,"_monsterinsights_sitenote_note":"","_monsterinsights_sitenote_category":0,"footnotes":""},"class_list":["post-236","page","type-page","status-publish","hentry"],"aioseo_notices":[],"_links":{"self":[{"href":"https:\/\/www.koksteam.se\/index.php\/wp-json\/wp\/v2\/pages\/236","targetHints":{"allow":["GET"]}}],"collection":[{"href":"https:\/\/www.koksteam.se\/index.php\/wp-json\/wp\/v2\/pages"}],"about":[{"href":"https:\/\/www.koksteam.se\/index.php\/wp-json\/wp\/v2\/types\/page"}],"author":[{"embeddable":true,"href":"https:\/\/www.koksteam.se\/index.php\/wp-json\/wp\/v2\/users\/1"}],"replies":[{"embeddable":true,"href":"https:\/\/www.koksteam.se\/index.php\/wp-json\/wp\/v2\/comments?post=236"}],"version-history":[{"count":11,"href":"https:\/\/www.koksteam.se\/index.php\/wp-json\/wp\/v2\/pages\/236\/revisions"}],"predecessor-version":[{"id":318,"href":"https:\/\/www.koksteam.se\/index.php\/wp-json\/wp\/v2\/pages\/236\/revisions\/318"}],"wp:attachment":[{"href":"https:\/\/www.koksteam.se\/index.php\/wp-json\/wp\/v2\/media?parent=236"}],"curies":[{"name":"wp","href":"https:\/\/api.w.org\/{rel}","templated":true}]}}