{"id":2,"date":"2008-10-06T19:01:51","date_gmt":"2008-10-06T17:01:51","guid":{"rendered":"http:\/\/www.koksteam.se\/?page_id=2"},"modified":"2026-04-21T16:13:10","modified_gmt":"2026-04-21T14:13:10","slug":"about","status":"publish","type":"page","link":"https:\/\/www.koksteam.se\/","title":{"rendered":"V\u00e4lkommen till K\u00f6ksteam !"},"content":{"rendered":"<p style=\"text-align: left;\">Dr\u00f6mmer Du om ett nytt k\u00f6k?<a href=\"https:\/\/www.koksteam.se\/wp-content\/uploads\/2008\/10\/vitaluckor.jpg\"><img decoding=\"async\" class=\"alignright size-medium wp-image-90\" title=\"vitaluckor\" src=\"https:\/\/www.koksteam.se\/wp-content\/uploads\/2008\/10\/vitaluckor.jpg\" alt=\"\" width=\"234\" height=\"384\" \/><\/a><br \/>\nL\u00e5t oss f\u00f6rverkliga Dina dr\u00f6mmar om att f\u00f6rnya Ditt k\u00f6k.<\/p>\n<p style=\"text-align: left;\">B\u00f6rja g\u00e4rna med att kika runt p\u00e5 v\u00e5r hemsida, se v\u00e5ra broschyrer online,<br \/>\neller boka ett kostnadsfritt hembes\u00f6k.<\/p>\n<p style=\"text-align: left;\">I \u00d6rebro finns \u00e4ven v\u00e5r k\u00f6ksutst\u00e4llning d\u00e4r vi finns p\u00e5 plats och kan visa v\u00e5rt breda sortiment.<\/p>\n<p><em>Prisexempel:<\/em><\/p>\n<p>13 luckor, 5 fronter inkl. montering: <strong>21 598 kr<\/strong><\/p>\n<p>&nbsp;<\/p>\n<blockquote>\n<p style=\"text-align: left;\"><strong><span style=\"color: #808000;\">\u00d6PPETTIDER <a href=\"https:\/\/www.hitta.se\/verksamhet\/koksteam-riab-ab-ffagoosz\" target=\"_blank\" rel=\"noopener noreferrer\">K\u00f6ksutst\u00e4llningen Aspholmen, \u00d6rebro<\/a> (infart Bost\u00e4llsv. 7)<\/span>:<\/strong><\/p>\n<p style=\"text-align: left;\"><strong>Onsd, Torsd: 12 &#8211; 18 <\/strong><\/p>\n<p style=\"text-align: left;\"><strong>Tisd, L\u00f6rd: 11 &#8211; 16 <\/strong>(\u00d6vriga tider bokas)<\/p>\n<\/blockquote>\n<p style=\"text-align: left;\"><strong>Telefon:\u00a0 0708 &#8211; 269 330<\/strong><\/p>\n<p style=\"text-align: left;\"><strong>Epost: info@koksteam.se<\/strong><\/p>\n<p style=\"text-align: left;\"><a href=\"https:\/\/novaflex.se\" target=\"_blank\" rel=\"noopener noreferrer\"><img decoding=\"async\" class=\"alignnone size-full wp-image-107\" title=\"novaflex\" src=\"https:\/\/www.koksteam.se\/wp-content\/uploads\/2008\/10\/novaflex.gif\" alt=\"\" \/><\/a> <a href=\"https:\/\/www.blum.com\/se\/sv\/index.php\" target=\"_blank\" rel=\"noopener noreferrer\"><img decoding=\"async\" class=\"size-full wp-image-102 alignnone\" title=\"blum\" src=\"https:\/\/www.koksteam.se\/wp-content\/uploads\/2008\/10\/blum.jpg\" alt=\"\" width=\"88\" height=\"28\" \/><\/a> <a href=\"https:\/\/www.moraarmatur.se\/\" target=\"_blank\" rel=\"noopener noreferrer\"><img decoding=\"async\" class=\"alignnone size-full wp-image-103\" title=\"mora\" src=\"https:\/\/www.koksteam.se\/wp-content\/uploads\/2008\/10\/mora.jpg\" alt=\"\" width=\"88\" height=\"25\" \/><\/a> <a href=\"https:\/\/www.dfi-geisler.com\/sv\/\" target=\"_blank\" rel=\"noopener noreferrer\"><img decoding=\"async\" class=\"alignnone size-full wp-image-104\" title=\"dfi\" src=\"https:\/\/www.koksteam.se\/wp-content\/uploads\/2008\/10\/dfi.jpg\" alt=\"\" width=\"79\" height=\"30\" \/><\/a><\/p>\n<p style=\"text-align: center;\">\n","protected":false},"excerpt":{"rendered":"<p>Dr\u00f6mmer Du om ett nytt k\u00f6k? L\u00e5t oss f\u00f6rverkliga Dina dr\u00f6mmar om att f\u00f6rnya Ditt k\u00f6k. B\u00f6rja g\u00e4rna med att kika runt p\u00e5 v\u00e5r hemsida, se v\u00e5ra broschyrer online, eller boka ett kostnadsfritt hembes\u00f6k. I \u00d6rebro finns \u00e4ven v\u00e5r k\u00f6ksutst\u00e4llning &hellip; <a href=\"https:\/\/www.koksteam.se\/\">Forts\u00e4tt l\u00e4sa <span class=\"meta-nav\">&rarr;<\/span><\/a><\/p>\n","protected":false},"author":1,"featured_media":0,"parent":0,"menu_order":1,"comment_status":"closed","ping_status":"open","template":"","meta":{"om_disable_all_campaigns":false,"_monsterinsights_skip_tracking":false,"_monsterinsights_sitenote_active":false,"_monsterinsights_sitenote_note":"","_monsterinsights_sitenote_category":0,"footnotes":""},"class_list":["post-2","page","type-page","status-publish","hentry"],"aioseo_notices":[],"_links":{"self":[{"href":"https:\/\/www.koksteam.se\/index.php\/wp-json\/wp\/v2\/pages\/2","targetHints":{"allow":["GET"]}}],"collection":[{"href":"https:\/\/www.koksteam.se\/index.php\/wp-json\/wp\/v2\/pages"}],"about":[{"href":"https:\/\/www.koksteam.se\/index.php\/wp-json\/wp\/v2\/types\/page"}],"author":[{"embeddable":true,"href":"https:\/\/www.koksteam.se\/index.php\/wp-json\/wp\/v2\/users\/1"}],"replies":[{"embeddable":true,"href":"https:\/\/www.koksteam.se\/index.php\/wp-json\/wp\/v2\/comments?post=2"}],"version-history":[{"count":35,"href":"https:\/\/www.koksteam.se\/index.php\/wp-json\/wp\/v2\/pages\/2\/revisions"}],"predecessor-version":[{"id":361,"href":"https:\/\/www.koksteam.se\/index.php\/wp-json\/wp\/v2\/pages\/2\/revisions\/361"}],"wp:attachment":[{"href":"https:\/\/www.koksteam.se\/index.php\/wp-json\/wp\/v2\/media?parent=2"}],"curies":[{"name":"wp","href":"https:\/\/api.w.org\/{rel}","templated":true}]}}