{"id":119,"date":"2008-10-13T00:01:19","date_gmt":"2008-10-12T22:01:19","guid":{"rendered":"http:\/\/www.koksteam.se\/?page_id=119"},"modified":"2023-08-08T12:46:43","modified_gmt":"2023-08-08T10:46:43","slug":"tillbehor","status":"publish","type":"page","link":"https:\/\/www.koksteam.se\/index.php\/sortiment\/tillbehor\/","title":{"rendered":"Tillbeh\u00f6r"},"content":{"rendered":"<p><em>Ljusrampslister,\u00a0 Kr\u00f6nlister, Socklar, Kakellister, Passbitar, Kokbokshyllor, Vinhyllor, Kryddhyllor, Avslutningshyllor, Sk\u00e5p,<br \/>\nBeslag\/Handtag, M\u00e5tt-tillverkade <a href=\"https:\/\/www.blum.com\/se\/sv\/products\/boxsystems\/tandembox-plus\/programme\/\" target=\"_blank\" rel=\"noopener\">l\u00e5dor\/grytl\u00e5dor<\/a> p\u00e5 rullager (passar alla sk\u00e5p)<a href=\"https:\/\/www.dfi-geisler.com\/sv\/\" target=\"_blank\" rel=\"noopener\"> B\u00e4nkskivor, underlimmade diskhoar<\/a>, Blandare m.m<\/em><\/p>\n<p><span style=\"text-decoration: underline;\"><strong>Klicka f\u00f6r att se <a href=\"https:\/\/www.novaflex.se\/kok\/koksinredning\/\">K\u00f6ksinredning<\/a> , <a href=\"https:\/\/www.novaflex.se\/kok\/kokslister\/\">K\u00f6kslister<\/a><\/strong><\/span><\/p>\n","protected":false},"excerpt":{"rendered":"<p>Ljusrampslister,\u00a0 Kr\u00f6nlister, Socklar, Kakellister, Passbitar, Kokbokshyllor, Vinhyllor, Kryddhyllor, Avslutningshyllor, Sk\u00e5p, Beslag\/Handtag, M\u00e5tt-tillverkade l\u00e5dor\/grytl\u00e5dor p\u00e5 rullager (passar alla sk\u00e5p) B\u00e4nkskivor, underlimmade diskhoar, Blandare m.m Klicka f\u00f6r att se K\u00f6ksinredning , K\u00f6kslister<\/p>\n","protected":false},"author":1,"featured_media":0,"parent":42,"menu_order":7,"comment_status":"closed","ping_status":"open","template":"","meta":{"om_disable_all_campaigns":false,"_monsterinsights_skip_tracking":false,"_monsterinsights_sitenote_active":false,"_monsterinsights_sitenote_note":"","_monsterinsights_sitenote_category":0,"footnotes":""},"class_list":["post-119","page","type-page","status-publish","hentry"],"aioseo_notices":[],"_links":{"self":[{"href":"https:\/\/www.koksteam.se\/index.php\/wp-json\/wp\/v2\/pages\/119","targetHints":{"allow":["GET"]}}],"collection":[{"href":"https:\/\/www.koksteam.se\/index.php\/wp-json\/wp\/v2\/pages"}],"about":[{"href":"https:\/\/www.koksteam.se\/index.php\/wp-json\/wp\/v2\/types\/page"}],"author":[{"embeddable":true,"href":"https:\/\/www.koksteam.se\/index.php\/wp-json\/wp\/v2\/users\/1"}],"replies":[{"embeddable":true,"href":"https:\/\/www.koksteam.se\/index.php\/wp-json\/wp\/v2\/comments?post=119"}],"version-history":[{"count":12,"href":"https:\/\/www.koksteam.se\/index.php\/wp-json\/wp\/v2\/pages\/119\/revisions"}],"predecessor-version":[{"id":292,"href":"https:\/\/www.koksteam.se\/index.php\/wp-json\/wp\/v2\/pages\/119\/revisions\/292"}],"up":[{"embeddable":true,"href":"https:\/\/www.koksteam.se\/index.php\/wp-json\/wp\/v2\/pages\/42"}],"wp:attachment":[{"href":"https:\/\/www.koksteam.se\/index.php\/wp-json\/wp\/v2\/media?parent=119"}],"curies":[{"name":"wp","href":"https:\/\/api.w.org\/{rel}","templated":true}]}}